{"id":215,"date":"2024-04-15T09:34:34","date_gmt":"2024-04-15T13:34:34","guid":{"rendered":"https:\/\/flyscan.rt5.ca\/home\/"},"modified":"2025-05-01T12:51:11","modified_gmt":"2025-05-01T16:51:11","slug":"home","status":"publish","type":"page","link":"https:\/\/flyscan.rt5.ca\/fr\/","title":{"rendered":"Accueil"},"content":{"rendered":"","protected":false},"excerpt":{"rendered":"","protected":false},"author":6,"featured_media":0,"parent":0,"menu_order":0,"comment_status":"closed","ping_status":"open","template":"page-templates\/home.php","meta":{"_acf_changed":false,"_seopress_robots_primary_cat":"","_seopress_titles_title":"Flyscan | D\u00e9tection de fuites, menaces et g\u00e9orisques %%post_title%%","_seopress_titles_desc":"Entreprises \u00e9nerg\u00e9tiques : notre technologie est un ailier de taille pour prot\u00e9ger l\u2019int\u00e9grit\u00e9 de vos pipelines et servitudes.","_seopress_robots_index":"","footnotes":""},"class_list":["post-215","page","type-page","status-publish","hentry"],"acf":[],"_links":{"self":[{"href":"https:\/\/flyscan.rt5.ca\/fr\/wp-json\/wp\/v2\/pages\/215","targetHints":{"allow":["GET"]}}],"collection":[{"href":"https:\/\/flyscan.rt5.ca\/fr\/wp-json\/wp\/v2\/pages"}],"about":[{"href":"https:\/\/flyscan.rt5.ca\/fr\/wp-json\/wp\/v2\/types\/page"}],"author":[{"embeddable":true,"href":"https:\/\/flyscan.rt5.ca\/fr\/wp-json\/wp\/v2\/users\/6"}],"replies":[{"embeddable":true,"href":"https:\/\/flyscan.rt5.ca\/fr\/wp-json\/wp\/v2\/comments?post=215"}],"version-history":[{"count":42,"href":"https:\/\/flyscan.rt5.ca\/fr\/wp-json\/wp\/v2\/pages\/215\/revisions"}],"predecessor-version":[{"id":1700,"href":"https:\/\/flyscan.rt5.ca\/fr\/wp-json\/wp\/v2\/pages\/215\/revisions\/1700"}],"wp:attachment":[{"href":"https:\/\/flyscan.rt5.ca\/fr\/wp-json\/wp\/v2\/media?parent=215"}],"curies":[{"name":"wp","href":"https:\/\/api.w.org\/{rel}","templated":true}]}}