{"id":903,"date":"2024-04-22T15:33:27","date_gmt":"2024-04-22T19:33:27","guid":{"rendered":"https:\/\/flyscan.rt5.ca\/threats\/"},"modified":"2025-01-30T17:42:47","modified_gmt":"2025-01-30T22:42:47","slug":"menaces","status":"publish","type":"page","link":"https:\/\/flyscan.rt5.ca\/fr\/menaces\/","title":{"rendered":"Menaces"},"content":{"rendered":"","protected":false},"excerpt":{"rendered":"","protected":false},"author":6,"featured_media":0,"parent":0,"menu_order":2,"comment_status":"closed","ping_status":"closed","template":"page-templates\/builder.php","meta":{"_acf_changed":false,"_seopress_robots_primary_cat":"","_seopress_titles_title":"Menaces | Flyscan | D\u00e9tection d'ol\u00e9oducs expos\u00e9s et plus","_seopress_titles_desc":"Alerte en temps r\u00e9el gr\u00e2ce \u00e0 l'intelligence artificielle. D\u00e9couvrez cet outil performant pour l'industrie \u00e9nerg\u00e9tique et prot\u00e9gez vos actifs maintenant!","_seopress_robots_index":"","footnotes":""},"class_list":["post-903","page","type-page","status-publish","hentry"],"acf":[],"_links":{"self":[{"href":"https:\/\/flyscan.rt5.ca\/fr\/wp-json\/wp\/v2\/pages\/903","targetHints":{"allow":["GET"]}}],"collection":[{"href":"https:\/\/flyscan.rt5.ca\/fr\/wp-json\/wp\/v2\/pages"}],"about":[{"href":"https:\/\/flyscan.rt5.ca\/fr\/wp-json\/wp\/v2\/types\/page"}],"author":[{"embeddable":true,"href":"https:\/\/flyscan.rt5.ca\/fr\/wp-json\/wp\/v2\/users\/6"}],"replies":[{"embeddable":true,"href":"https:\/\/flyscan.rt5.ca\/fr\/wp-json\/wp\/v2\/comments?post=903"}],"version-history":[{"count":12,"href":"https:\/\/flyscan.rt5.ca\/fr\/wp-json\/wp\/v2\/pages\/903\/revisions"}],"predecessor-version":[{"id":1497,"href":"https:\/\/flyscan.rt5.ca\/fr\/wp-json\/wp\/v2\/pages\/903\/revisions\/1497"}],"wp:attachment":[{"href":"https:\/\/flyscan.rt5.ca\/fr\/wp-json\/wp\/v2\/media?parent=903"}],"curies":[{"name":"wp","href":"https:\/\/api.w.org\/{rel}","templated":true}]}}