{"id":912,"date":"2024-04-22T15:35:50","date_gmt":"2024-04-22T19:35:50","guid":{"rendered":"https:\/\/flyscan.rt5.ca\/contact-us\/"},"modified":"2025-01-30T17:42:48","modified_gmt":"2025-01-30T22:42:48","slug":"nous-joindre","status":"publish","type":"page","link":"https:\/\/flyscan.rt5.ca\/fr\/nous-joindre\/","title":{"rendered":"Nous joindre"},"content":{"rendered":"<h2>Pr\u00eat\u00b7e \u00e0 passer<br \/>\n\u00e0 la d\u00e9tection a\u00e9rienne<br \/>\ndu&nbsp;futur?<\/h2>\n","protected":false},"excerpt":{"rendered":"<p>Pr\u00eat\u00b7e \u00e0 passer \u00e0 la d\u00e9tection a\u00e9rienne du&nbsp;futur?<\/p>\n","protected":false},"author":6,"featured_media":0,"parent":0,"menu_order":10,"comment_status":"closed","ping_status":"closed","template":"page-templates\/contact-us.php","meta":{"_acf_changed":false,"_seopress_robots_primary_cat":"","_seopress_titles_title":"Nous joindre | Demander une d\u00e9mo | Flyscan","_seopress_titles_desc":"Technologies avanc\u00e9es de d\u00e9tection a\u00e9rienne de fuites, menaces et g\u00e9orisques pour l'industrie \u00e9nerg\u00e9tique. Demandez une d\u00e9mo maintenant!","_seopress_robots_index":"","footnotes":""},"class_list":["post-912","page","type-page","status-publish","hentry"],"acf":[],"_links":{"self":[{"href":"https:\/\/flyscan.rt5.ca\/fr\/wp-json\/wp\/v2\/pages\/912","targetHints":{"allow":["GET"]}}],"collection":[{"href":"https:\/\/flyscan.rt5.ca\/fr\/wp-json\/wp\/v2\/pages"}],"about":[{"href":"https:\/\/flyscan.rt5.ca\/fr\/wp-json\/wp\/v2\/types\/page"}],"author":[{"embeddable":true,"href":"https:\/\/flyscan.rt5.ca\/fr\/wp-json\/wp\/v2\/users\/6"}],"replies":[{"embeddable":true,"href":"https:\/\/flyscan.rt5.ca\/fr\/wp-json\/wp\/v2\/comments?post=912"}],"version-history":[{"count":6,"href":"https:\/\/flyscan.rt5.ca\/fr\/wp-json\/wp\/v2\/pages\/912\/revisions"}],"predecessor-version":[{"id":1375,"href":"https:\/\/flyscan.rt5.ca\/fr\/wp-json\/wp\/v2\/pages\/912\/revisions\/1375"}],"wp:attachment":[{"href":"https:\/\/flyscan.rt5.ca\/fr\/wp-json\/wp\/v2\/media?parent=912"}],"curies":[{"name":"wp","href":"https:\/\/api.w.org\/{rel}","templated":true}]}}